{"id":183,"date":"2018-10-28T15:21:02","date_gmt":"2018-10-28T15:21:02","guid":{"rendered":"https:\/\/kugelblitz-fotobox.de\/?page_id=183"},"modified":"2024-05-26T10:16:15","modified_gmt":"2024-05-26T10:16:15","slug":"home","status":"publish","type":"page","link":"https:\/\/kugelblitz-fotobox.de\/","title":{"rendered":"Home"},"content":{"rendered":"<p><title>KUGELBLITZ &#8211; die Runde Fotobox<\/title><br \/>\n<meta name=\"description\" content=\"Ihr wollt eine au\u00dfergew\u00f6hnliche und wundersch\u00f6ne Fotobox?Dann seid Ihr bei uns genau richtig. Wir verleihen unseren Kugelblitz in Iffezheim, Baden-Baden, Rastatt, Karlsruhe, Offenburg und Umgebung.\"><br \/>\n<meta name=\"keywords\" content=\"photobox, fotobox, selfibox, photobooth, booth, drucker, industriedrucker, ischgl, modell, hintergrund, leinwand, back screen, leihen, mieten, dauer, einsatz, mehrt\u00e4gig, wochenweise, monatsweise,bilder, sofotdruck, selfies, video, clips, videoclips, fotos, event, geburtstag, hochzeit, er\u00f6ffnung, neuer\u00f6ffnung, pr\u00e4sentation, release, party, feier, kick off, teamevent, weihnachtsfeier, firmenfeier, jubil\u00e4um, junggessellenabschied, junggesellinenabschied, pr\u00e4senation, produktpr\u00e4sentation, tag der offenen t\u00fcr, kongress, messe, tagung, seminar, bankett, hotel, lobby, thema, mehrere themen, accessoires, koffer, boothpops, h\u00fcte, masken, per\u00fccken, hochzeit, geburtstag, apres ski, apres-ski, reisen, oktoberfest, weihnachten, weihnachtsfeier, party, hintergrund, greenscreen , leinwand, spass, spa\u00df, erinnerung, zusammen, gruppenbilder, teambuilding, geschenk, gastgeschenk, firmen, company, recruiting, recruitingdays, karrieremesse, workshop, teambuilding, vorstellung, pitch, elevatorpitch, weiterbildung, weiterentwicklung, rethorik, skills, skill level, hr, human ressources, development, mitarbeiterzufriedenheit, marketing, bewertung, leadership, teilen, facebook, twitter, instagram, email, galerie, online gallery, deutschland, baden-w\u00fcrttemberg, baden w\u00fcrttemberg, iffezheim, baden baden, baden-baden, rastatt, b\u00fchl, karlsruhe, gaggenau, malsch, gernsbach, wei\u00dfenbach, geroldsau, sinzheim, offenburg, achern, steinmauern, plittersdorf, bietigheim, \u00f6tigheim, kartung, pforzheim, stuttgart, ettlingen, renchen, h\u00fcgelsheim, s\u00f6llingen\"><\/p>\n","protected":false},"excerpt":{"rendered":"<p>KUGELBLITZ &#8211; die Runde Fotobox<\/p>\n","protected":false},"author":1,"featured_media":0,"parent":0,"menu_order":0,"comment_status":"closed","ping_status":"closed","template":"","meta":{"footnotes":""},"class_list":["post-183","page","type-page","status-publish","czr-hentry"],"yoast_head":"<!-- This site is optimized with the Yoast SEO plugin v27.3 - https:\/\/yoast.com\/product\/yoast-seo-wordpress\/ -->\n<title>KUGELBLITZ - Die runde Fotobox ... der Fotospiegel und die Blumenwand - Miete Sie Dir f\u00fcr dein Event!<\/title>\n<meta name=\"description\" content=\"Wir verleihen unsere Fotobox und unseren Fotospiegel im Raum Baden-Baden, Rastatt, Iffezheim, Gaggenau und Karlsruhe f\u00fcr Ihre Veranstaltung, Hochzeit , Geburtstag , Messe , Gala, Ihren Kongress, Ball und Ihr Seminar, Teambuilding und Jubil\u00e4um. Mit unserer Blumenwand setzt ihr eure G\u00e4ste und euch so richtig ins Szene.\" \/>\n<meta name=\"robots\" content=\"index, follow, max-snippet:-1, max-image-preview:large, max-video-preview:-1\" \/>\n<link rel=\"canonical\" href=\"https:\/\/kugelblitz-fotobox.de\/\" \/>\n<meta property=\"og:locale\" content=\"de_DE\" \/>\n<meta property=\"og:type\" content=\"article\" \/>\n<meta property=\"og:title\" content=\"KUGELBLITZ - Die runde Fotobox ... der Fotospiegel und die Blumenwand - Miete Sie Dir f\u00fcr dein Event!\" \/>\n<meta property=\"og:description\" content=\"Wir verleihen unsere Fotobox und unseren Fotospiegel im Raum Baden-Baden, Rastatt, Iffezheim, Gaggenau und Karlsruhe f\u00fcr Ihre Veranstaltung, Hochzeit , Geburtstag , Messe , Gala, Ihren Kongress, Ball und Ihr Seminar, Teambuilding und Jubil\u00e4um. Mit unserer Blumenwand setzt ihr eure G\u00e4ste und euch so richtig ins Szene.\" \/>\n<meta property=\"og:url\" content=\"https:\/\/kugelblitz-fotobox.de\/\" \/>\n<meta property=\"og:site_name\" content=\"KUGELBLITZ - die runde Fotobox\" \/>\n<meta property=\"article:publisher\" content=\"https:\/\/web.facebook.com\/KugelblitzdierundeFotobox\/?_rdc=1&amp;amp%3bamp%3bamp%3bamp%3bamp%3bamp%3bamp%3bamp%3bamp%3bamp%3bamp%3bamp%3bamp%3bamp%3bamp%3bamp%3bamp%3bamp%3bamp%3b_rdr\" \/>\n<meta property=\"article:modified_time\" content=\"2024-05-26T10:16:15+00:00\" \/>\n<meta name=\"twitter:card\" content=\"summary_large_image\" \/>\n<meta name=\"twitter:label1\" content=\"Gesch\u00e4tzte Lesezeit\" \/>\n\t<meta name=\"twitter:data1\" content=\"9\u00a0Minuten\" \/>\n<script type=\"application\/ld+json\" class=\"yoast-schema-graph\">{\"@context\":\"https:\\\/\\\/schema.org\",\"@graph\":[{\"@type\":\"WebPage\",\"@id\":\"https:\\\/\\\/kugelblitz-fotobox.de\\\/\",\"url\":\"https:\\\/\\\/kugelblitz-fotobox.de\\\/\",\"name\":\"KUGELBLITZ - Die runde Fotobox ... der Fotospiegel und die Blumenwand - Miete Sie Dir f\u00fcr dein Event!\",\"isPartOf\":{\"@id\":\"https:\\\/\\\/kugelblitz-fotobox.de\\\/#website\"},\"datePublished\":\"2018-10-28T15:21:02+00:00\",\"dateModified\":\"2024-05-26T10:16:15+00:00\",\"description\":\"Wir verleihen unsere Fotobox und unseren Fotospiegel im Raum Baden-Baden, Rastatt, Iffezheim, Gaggenau und Karlsruhe f\u00fcr Ihre Veranstaltung, Hochzeit , Geburtstag , Messe , Gala, Ihren Kongress, Ball und Ihr Seminar, Teambuilding und Jubil\u00e4um. Mit unserer Blumenwand setzt ihr eure G\u00e4ste und euch so richtig ins Szene.\",\"breadcrumb\":{\"@id\":\"https:\\\/\\\/kugelblitz-fotobox.de\\\/#breadcrumb\"},\"inLanguage\":\"de\",\"potentialAction\":[{\"@type\":\"ReadAction\",\"target\":[\"https:\\\/\\\/kugelblitz-fotobox.de\\\/\"]}]},{\"@type\":\"BreadcrumbList\",\"@id\":\"https:\\\/\\\/kugelblitz-fotobox.de\\\/#breadcrumb\",\"itemListElement\":[{\"@type\":\"ListItem\",\"position\":1,\"name\":\"Startseite\",\"item\":\"https:\\\/\\\/kugelblitz-fotobox.de\\\/\"},{\"@type\":\"ListItem\",\"position\":2,\"name\":\"Home\"}]},{\"@type\":\"WebSite\",\"@id\":\"https:\\\/\\\/kugelblitz-fotobox.de\\\/#website\",\"url\":\"https:\\\/\\\/kugelblitz-fotobox.de\\\/\",\"name\":\"KUGELBLITZ - die runde Fotobox\",\"description\":\"Wir verleihen unsere Fotobox und unseren Fotospiegel im Raum Baden-Baden, Rastatt, Iffezheim, Gaggenau und Karlsruhe f\u00fcr Ihre Veranstaltung, Hochzeit , Geburtstag , Messe , Gala, Ihren Kongress, Ball und Ihr Seminar, Teambuilding und Jubil\u00e4um\",\"publisher\":{\"@id\":\"https:\\\/\\\/kugelblitz-fotobox.de\\\/#organization\"},\"potentialAction\":[{\"@type\":\"SearchAction\",\"target\":{\"@type\":\"EntryPoint\",\"urlTemplate\":\"https:\\\/\\\/kugelblitz-fotobox.de\\\/?s={search_term_string}\"},\"query-input\":{\"@type\":\"PropertyValueSpecification\",\"valueRequired\":true,\"valueName\":\"search_term_string\"}}],\"inLanguage\":\"de\"},{\"@type\":\"Organization\",\"@id\":\"https:\\\/\\\/kugelblitz-fotobox.de\\\/#organization\",\"name\":\"KUGELBLITZ - die runde Fotobox\",\"url\":\"https:\\\/\\\/kugelblitz-fotobox.de\\\/\",\"logo\":{\"@type\":\"ImageObject\",\"inLanguage\":\"de\",\"@id\":\"https:\\\/\\\/kugelblitz-fotobox.de\\\/#\\\/schema\\\/logo\\\/image\\\/\",\"url\":\"https:\\\/\\\/kugelblitz-fotobox.de\\\/wp-content\\\/uploads\\\/2018\\\/10\\\/Kugelblitz_Logo.png\",\"contentUrl\":\"https:\\\/\\\/kugelblitz-fotobox.de\\\/wp-content\\\/uploads\\\/2018\\\/10\\\/Kugelblitz_Logo.png\",\"width\":1643,\"height\":1715,\"caption\":\"KUGELBLITZ - die runde Fotobox\"},\"image\":{\"@id\":\"https:\\\/\\\/kugelblitz-fotobox.de\\\/#\\\/schema\\\/logo\\\/image\\\/\"},\"sameAs\":[\"https:\\\/\\\/web.facebook.com\\\/KugelblitzdierundeFotobox\\\/?_rdc=1&amp;amp;amp;amp;amp;amp;amp;amp;amp;amp;amp;amp;amp;amp;amp;amp;amp;amp;amp;_rdr\",\"https:\\\/\\\/www.instagram.com\\\/kugelblitz_die_runde_fotobox\\\/\",\"https:\\\/\\\/www.youtube.com\\\/channel\\\/UCLQwFVxu6_27hf1Z0lu4UEQ\\\/featured\"]}]}<\/script>\n<!-- \/ Yoast SEO plugin. -->","yoast_head_json":{"title":"KUGELBLITZ - Die runde Fotobox ... der Fotospiegel und die Blumenwand - Miete Sie Dir f\u00fcr dein Event!","description":"Wir verleihen unsere Fotobox und unseren Fotospiegel im Raum Baden-Baden, Rastatt, Iffezheim, Gaggenau und Karlsruhe f\u00fcr Ihre Veranstaltung, Hochzeit , Geburtstag , Messe , Gala, Ihren Kongress, Ball und Ihr Seminar, Teambuilding und Jubil\u00e4um. Mit unserer Blumenwand setzt ihr eure G\u00e4ste und euch so richtig ins Szene.","robots":{"index":"index","follow":"follow","max-snippet":"max-snippet:-1","max-image-preview":"max-image-preview:large","max-video-preview":"max-video-preview:-1"},"canonical":"https:\/\/kugelblitz-fotobox.de\/","og_locale":"de_DE","og_type":"article","og_title":"KUGELBLITZ - Die runde Fotobox ... der Fotospiegel und die Blumenwand - Miete Sie Dir f\u00fcr dein Event!","og_description":"Wir verleihen unsere Fotobox und unseren Fotospiegel im Raum Baden-Baden, Rastatt, Iffezheim, Gaggenau und Karlsruhe f\u00fcr Ihre Veranstaltung, Hochzeit , Geburtstag , Messe , Gala, Ihren Kongress, Ball und Ihr Seminar, Teambuilding und Jubil\u00e4um. Mit unserer Blumenwand setzt ihr eure G\u00e4ste und euch so richtig ins Szene.","og_url":"https:\/\/kugelblitz-fotobox.de\/","og_site_name":"KUGELBLITZ - die runde Fotobox","article_publisher":"https:\/\/web.facebook.com\/KugelblitzdierundeFotobox\/?_rdc=1&amp%3bamp%3bamp%3bamp%3bamp%3bamp%3bamp%3bamp%3bamp%3bamp%3bamp%3bamp%3bamp%3bamp%3bamp%3bamp%3bamp%3bamp%3bamp%3b_rdr","article_modified_time":"2024-05-26T10:16:15+00:00","twitter_card":"summary_large_image","twitter_misc":{"Gesch\u00e4tzte Lesezeit":"9\u00a0Minuten"},"schema":{"@context":"https:\/\/schema.org","@graph":[{"@type":"WebPage","@id":"https:\/\/kugelblitz-fotobox.de\/","url":"https:\/\/kugelblitz-fotobox.de\/","name":"KUGELBLITZ - Die runde Fotobox ... der Fotospiegel und die Blumenwand - Miete Sie Dir f\u00fcr dein Event!","isPartOf":{"@id":"https:\/\/kugelblitz-fotobox.de\/#website"},"datePublished":"2018-10-28T15:21:02+00:00","dateModified":"2024-05-26T10:16:15+00:00","description":"Wir verleihen unsere Fotobox und unseren Fotospiegel im Raum Baden-Baden, Rastatt, Iffezheim, Gaggenau und Karlsruhe f\u00fcr Ihre Veranstaltung, Hochzeit , Geburtstag , Messe , Gala, Ihren Kongress, Ball und Ihr Seminar, Teambuilding und Jubil\u00e4um. Mit unserer Blumenwand setzt ihr eure G\u00e4ste und euch so richtig ins Szene.","breadcrumb":{"@id":"https:\/\/kugelblitz-fotobox.de\/#breadcrumb"},"inLanguage":"de","potentialAction":[{"@type":"ReadAction","target":["https:\/\/kugelblitz-fotobox.de\/"]}]},{"@type":"BreadcrumbList","@id":"https:\/\/kugelblitz-fotobox.de\/#breadcrumb","itemListElement":[{"@type":"ListItem","position":1,"name":"Startseite","item":"https:\/\/kugelblitz-fotobox.de\/"},{"@type":"ListItem","position":2,"name":"Home"}]},{"@type":"WebSite","@id":"https:\/\/kugelblitz-fotobox.de\/#website","url":"https:\/\/kugelblitz-fotobox.de\/","name":"KUGELBLITZ - die runde Fotobox","description":"Wir verleihen unsere Fotobox und unseren Fotospiegel im Raum Baden-Baden, Rastatt, Iffezheim, Gaggenau und Karlsruhe f\u00fcr Ihre Veranstaltung, Hochzeit , Geburtstag , Messe , Gala, Ihren Kongress, Ball und Ihr Seminar, Teambuilding und Jubil\u00e4um","publisher":{"@id":"https:\/\/kugelblitz-fotobox.de\/#organization"},"potentialAction":[{"@type":"SearchAction","target":{"@type":"EntryPoint","urlTemplate":"https:\/\/kugelblitz-fotobox.de\/?s={search_term_string}"},"query-input":{"@type":"PropertyValueSpecification","valueRequired":true,"valueName":"search_term_string"}}],"inLanguage":"de"},{"@type":"Organization","@id":"https:\/\/kugelblitz-fotobox.de\/#organization","name":"KUGELBLITZ - die runde Fotobox","url":"https:\/\/kugelblitz-fotobox.de\/","logo":{"@type":"ImageObject","inLanguage":"de","@id":"https:\/\/kugelblitz-fotobox.de\/#\/schema\/logo\/image\/","url":"https:\/\/kugelblitz-fotobox.de\/wp-content\/uploads\/2018\/10\/Kugelblitz_Logo.png","contentUrl":"https:\/\/kugelblitz-fotobox.de\/wp-content\/uploads\/2018\/10\/Kugelblitz_Logo.png","width":1643,"height":1715,"caption":"KUGELBLITZ - die runde Fotobox"},"image":{"@id":"https:\/\/kugelblitz-fotobox.de\/#\/schema\/logo\/image\/"},"sameAs":["https:\/\/web.facebook.com\/KugelblitzdierundeFotobox\/?_rdc=1&amp;amp;amp;amp;amp;amp;amp;amp;amp;amp;amp;amp;amp;amp;amp;amp;amp;amp;amp;_rdr","https:\/\/www.instagram.com\/kugelblitz_die_runde_fotobox\/","https:\/\/www.youtube.com\/channel\/UCLQwFVxu6_27hf1Z0lu4UEQ\/featured"]}]}},"jetpack_sharing_enabled":true,"_links":{"self":[{"href":"https:\/\/kugelblitz-fotobox.de\/index.php?rest_route=\/wp\/v2\/pages\/183","targetHints":{"allow":["GET"]}}],"collection":[{"href":"https:\/\/kugelblitz-fotobox.de\/index.php?rest_route=\/wp\/v2\/pages"}],"about":[{"href":"https:\/\/kugelblitz-fotobox.de\/index.php?rest_route=\/wp\/v2\/types\/page"}],"author":[{"embeddable":true,"href":"https:\/\/kugelblitz-fotobox.de\/index.php?rest_route=\/wp\/v2\/users\/1"}],"replies":[{"embeddable":true,"href":"https:\/\/kugelblitz-fotobox.de\/index.php?rest_route=%2Fwp%2Fv2%2Fcomments&post=183"}],"version-history":[{"count":7,"href":"https:\/\/kugelblitz-fotobox.de\/index.php?rest_route=\/wp\/v2\/pages\/183\/revisions"}],"predecessor-version":[{"id":850,"href":"https:\/\/kugelblitz-fotobox.de\/index.php?rest_route=\/wp\/v2\/pages\/183\/revisions\/850"}],"wp:attachment":[{"href":"https:\/\/kugelblitz-fotobox.de\/index.php?rest_route=%2Fwp%2Fv2%2Fmedia&parent=183"}],"curies":[{"name":"wp","href":"https:\/\/api.w.org\/{rel}","templated":true}]}}