{"id":21,"date":"2018-09-30T20:51:45","date_gmt":"2018-09-30T20:51:45","guid":{"rendered":"http:\/\/kugelblitz-fotobox.de\/?page_id=21"},"modified":"2018-11-19T19:45:01","modified_gmt":"2018-11-19T19:45:01","slug":"onlinegalerie","status":"publish","type":"page","link":"https:\/\/kugelblitz-fotobox.de\/?page_id=21","title":{"rendered":"Onlinegalerie"},"content":{"rendered":"<p>Hier findet ihr all die tollen Schnappsch\u00fcsse unserer Fotobox, die auf eurem Event gemacht wurden in voller Pracht.<\/p>\n<p>Meldet Euch hier mit den Benutzerdaten an, die Ihr von uns, oder Euren Freunden bekommen habt.<\/p>\n<div class=\"tml tml-login\">\n<div class=\"tml-alerts\"><\/div><form name=\"login\" action=\"https:\/\/kugelblitz-fotobox.de\/?action=login\" method=\"post\">\n<div class=\"tml-field-wrap tml-log-wrap\">\n<label class=\"tml-label\" for=\"user_login\">Benutzername<\/label>\n<input name=\"log\" type=\"text\" value=\"\" id=\"user_login\" autocapitalize=\"off\" class=\"tml-field\">\n<\/div>\n\n<div class=\"tml-field-wrap tml-pwd-wrap\">\n<label class=\"tml-label\" for=\"user_pass\">Passwort<\/label>\n<input name=\"pwd\" type=\"password\" value=\"\" id=\"user_pass\" class=\"tml-field\">\n<\/div>\n\n\n<div class=\"tml-field-wrap tml-rememberme-wrap\">\n<input name=\"rememberme\" type=\"checkbox\" value=\"forever\" id=\"rememberme\" class=\"tml-checkbox\">\n<label class=\"tml-label\" for=\"rememberme\">Angemeldet bleiben<\/label>\n<\/div>\n\n<div class=\"tml-field-wrap tml-submit-wrap\">\n<button name=\"submit\" type=\"submit\" class=\"tml-button\">Anmelden<\/button>\n<\/div>\n\n<input name=\"redirect_to\" type=\"hidden\" value=\"https:\/\/kugelblitz-fotobox.de\/wp-admin\/\">\n\n<\/form>\n<ul class=\"tml-links\"><li class=\"tml-lostpassword-link\"><a href=\"https:\/\/kugelblitz-fotobox.de\/?action=lostpassword\">Passwort vergessen?<\/a><\/li><\/ul><\/div>\n\n<p>&nbsp;<\/p>\n<p>&nbsp;<\/p>\n","protected":false},"excerpt":{"rendered":"<p>Hier findet ihr all die tollen Schnappsch\u00fcsse unserer Fotobox, die auf eurem Event gemacht wurden in voller Pracht. Meldet Euch hier mit den Benutzerdaten an, die Ihr von uns, oder Euren Freunden bekommen habt. &nbsp; &nbsp;<\/p>\n","protected":false},"author":1,"featured_media":0,"parent":183,"menu_order":0,"comment_status":"closed","ping_status":"closed","template":"","meta":{"footnotes":""},"class_list":["post-21","page","type-page","status-publish","czr-hentry"],"yoast_head":"<!-- This site is optimized with the Yoast SEO plugin v27.5 - https:\/\/yoast.com\/product\/yoast-seo-wordpress\/ -->\n<title>Onlinegalerie - KUGELBLITZ - die runde Fotobox<\/title>\n<meta name=\"description\" content=\"photobox fotobox selfibox fotospiegel photospiegel magicmirror fotobox im smatphone design photobooth booth drucker hintergrund leinwand back screenbleihen mieten dauer einsatz mehrt\u00e4gig wochenweise monatsweisebilder sofotdruck selfies video clips videoclips fotosevent geburtstag hochzeit ball gala er\u00f6ffnung neuer\u00f6ffnung pr\u00e4sentation release party feier kick off teamevent weihnachtsfeier firmenfeier jubil\u00e4um junggessellenabschied junggesellinenabschied pr\u00e4senation produktpr\u00e4sentation tag der offenen t\u00fcrkongress messe tagung seminar bankett hotel lobbythema mehrere themen accessoires koffer boothpops h\u00fcte masken per\u00fccken hochzeit geburtstag apres ski apres-ski reisen oktoberfest weihnachten weihnachtsfeier party hintergrund greenscreen leinwand spass spa\u00df erinnerung zusammen gruppenbilder teambuilding geschenk gastgeschenkfirmen company recruiting recruitingdays karrieremesse workshop teambuilding vorstellung pitch elevatorpitch weiterbildung weiterentwicklung rethorik skills skill level hr human ressources development mitarbeiterzufriedenheit marketing bewertung leadership teilen facebook twitter instagram email galerie online gallery blackforest-wedding crewdeutschland baden-w\u00fcrttemberg baden w\u00fcrttemberg iffezheim baden baden baden-baden rastatt b\u00fchl karlsruhe gaggenau malsch gernsbach wei\u00dfenbach geroldsau sinzheim offenburg achern steinmauern plittersdorf bietigheim \u00f6tigheim kartung pforzheim stuttgart ettlingen renchen h\u00fcglesheim s\u00f6llingen roeschwoog seltz\" \/>\n<meta name=\"robots\" content=\"noindex, nofollow\" \/>\n<meta property=\"og:locale\" content=\"de_DE\" \/>\n<meta property=\"og:type\" content=\"article\" \/>\n<meta property=\"og:title\" content=\"Onlinegalerie - KUGELBLITZ - die runde Fotobox\" \/>\n<meta property=\"og:description\" content=\"photobox fotobox selfibox fotospiegel photospiegel magicmirror fotobox im smatphone design photobooth booth drucker hintergrund leinwand back screenbleihen mieten dauer einsatz mehrt\u00e4gig wochenweise monatsweisebilder sofotdruck selfies video clips videoclips fotosevent geburtstag hochzeit ball gala er\u00f6ffnung neuer\u00f6ffnung pr\u00e4sentation release party feier kick off teamevent weihnachtsfeier firmenfeier jubil\u00e4um junggessellenabschied junggesellinenabschied pr\u00e4senation produktpr\u00e4sentation tag der offenen t\u00fcrkongress messe tagung seminar bankett hotel lobbythema mehrere themen accessoires koffer boothpops h\u00fcte masken per\u00fccken hochzeit geburtstag apres ski apres-ski reisen oktoberfest weihnachten weihnachtsfeier party hintergrund greenscreen leinwand spass spa\u00df erinnerung zusammen gruppenbilder teambuilding geschenk gastgeschenkfirmen company recruiting recruitingdays karrieremesse workshop teambuilding vorstellung pitch elevatorpitch weiterbildung weiterentwicklung rethorik skills skill level hr human ressources development mitarbeiterzufriedenheit marketing bewertung leadership teilen facebook twitter instagram email galerie online gallery blackforest-wedding crewdeutschland baden-w\u00fcrttemberg baden w\u00fcrttemberg iffezheim baden baden baden-baden rastatt b\u00fchl karlsruhe gaggenau malsch gernsbach wei\u00dfenbach geroldsau sinzheim offenburg achern steinmauern plittersdorf bietigheim \u00f6tigheim kartung pforzheim stuttgart ettlingen renchen h\u00fcglesheim s\u00f6llingen roeschwoog seltz\" \/>\n<meta property=\"og:url\" content=\"https:\/\/kugelblitz-fotobox.de\/?page_id=21\" \/>\n<meta property=\"og:site_name\" content=\"KUGELBLITZ - die runde Fotobox\" \/>\n<meta property=\"article:publisher\" content=\"https:\/\/web.facebook.com\/KugelblitzdierundeFotobox\/?_rdc=1&amp;amp%3bamp%3bamp%3bamp%3bamp%3bamp%3bamp%3bamp%3bamp%3bamp%3bamp%3bamp%3bamp%3bamp%3bamp%3bamp%3bamp%3bamp%3bamp%3b_rdr\" \/>\n<meta property=\"article:modified_time\" content=\"2018-11-19T19:45:01+00:00\" \/>\n<meta name=\"twitter:card\" content=\"summary_large_image\" \/>\n<script type=\"application\/ld+json\" class=\"yoast-schema-graph\">{\"@context\":\"https:\\\/\\\/schema.org\",\"@graph\":[{\"@type\":\"WebPage\",\"@id\":\"https:\\\/\\\/kugelblitz-fotobox.de\\\/?page_id=21\",\"url\":\"https:\\\/\\\/kugelblitz-fotobox.de\\\/?page_id=21\",\"name\":\"Onlinegalerie - KUGELBLITZ - die runde Fotobox\",\"isPartOf\":{\"@id\":\"https:\\\/\\\/kugelblitz-fotobox.de\\\/#website\"},\"datePublished\":\"2018-09-30T20:51:45+00:00\",\"dateModified\":\"2018-11-19T19:45:01+00:00\",\"description\":\"photobox fotobox selfibox fotospiegel photospiegel magicmirror fotobox im smatphone design photobooth booth drucker hintergrund leinwand back screenbleihen mieten dauer einsatz mehrt\u00e4gig wochenweise monatsweisebilder sofotdruck selfies video clips videoclips fotosevent geburtstag hochzeit ball gala er\u00f6ffnung neuer\u00f6ffnung pr\u00e4sentation release party feier kick off teamevent weihnachtsfeier firmenfeier jubil\u00e4um junggessellenabschied junggesellinenabschied pr\u00e4senation produktpr\u00e4sentation tag der offenen t\u00fcrkongress messe tagung seminar bankett hotel lobbythema mehrere themen accessoires koffer boothpops h\u00fcte masken per\u00fccken hochzeit geburtstag apres ski apres-ski reisen oktoberfest weihnachten weihnachtsfeier party hintergrund greenscreen leinwand spass spa\u00df erinnerung zusammen gruppenbilder teambuilding geschenk gastgeschenkfirmen company recruiting recruitingdays karrieremesse workshop teambuilding vorstellung pitch elevatorpitch weiterbildung weiterentwicklung rethorik skills skill level hr human ressources development mitarbeiterzufriedenheit marketing bewertung leadership teilen facebook twitter instagram email galerie online gallery blackforest-wedding crewdeutschland baden-w\u00fcrttemberg baden w\u00fcrttemberg iffezheim baden baden baden-baden rastatt b\u00fchl karlsruhe gaggenau malsch gernsbach wei\u00dfenbach geroldsau sinzheim offenburg achern steinmauern plittersdorf bietigheim \u00f6tigheim kartung pforzheim stuttgart ettlingen renchen h\u00fcglesheim s\u00f6llingen roeschwoog seltz\",\"breadcrumb\":{\"@id\":\"https:\\\/\\\/kugelblitz-fotobox.de\\\/?page_id=21#breadcrumb\"},\"inLanguage\":\"de\",\"potentialAction\":[{\"@type\":\"ReadAction\",\"target\":[\"https:\\\/\\\/kugelblitz-fotobox.de\\\/?page_id=21\"]}]},{\"@type\":\"BreadcrumbList\",\"@id\":\"https:\\\/\\\/kugelblitz-fotobox.de\\\/?page_id=21#breadcrumb\",\"itemListElement\":[{\"@type\":\"ListItem\",\"position\":1,\"name\":\"Startseite\",\"item\":\"https:\\\/\\\/kugelblitz-fotobox.de\\\/\"},{\"@type\":\"ListItem\",\"position\":2,\"name\":\"Home\",\"item\":\"https:\\\/\\\/kugelblitz-fotobox.de\\\/\"},{\"@type\":\"ListItem\",\"position\":3,\"name\":\"Onlinegalerie\"}]},{\"@type\":\"WebSite\",\"@id\":\"https:\\\/\\\/kugelblitz-fotobox.de\\\/#website\",\"url\":\"https:\\\/\\\/kugelblitz-fotobox.de\\\/\",\"name\":\"KUGELBLITZ - die runde Fotobox\",\"description\":\"Wir verleihen unsere Fotobox und unseren Fotospiegel im Raum Baden-Baden, Rastatt, Iffezheim, Gaggenau und Karlsruhe f\u00fcr Ihre Veranstaltung, Hochzeit , Geburtstag , Messe , Gala, Ihren Kongress, Ball und Ihr Seminar, Teambuilding und Jubil\u00e4um\",\"publisher\":{\"@id\":\"https:\\\/\\\/kugelblitz-fotobox.de\\\/#organization\"},\"potentialAction\":[{\"@type\":\"SearchAction\",\"target\":{\"@type\":\"EntryPoint\",\"urlTemplate\":\"https:\\\/\\\/kugelblitz-fotobox.de\\\/?s={search_term_string}\"},\"query-input\":{\"@type\":\"PropertyValueSpecification\",\"valueRequired\":true,\"valueName\":\"search_term_string\"}}],\"inLanguage\":\"de\"},{\"@type\":\"Organization\",\"@id\":\"https:\\\/\\\/kugelblitz-fotobox.de\\\/#organization\",\"name\":\"KUGELBLITZ - die runde Fotobox\",\"url\":\"https:\\\/\\\/kugelblitz-fotobox.de\\\/\",\"logo\":{\"@type\":\"ImageObject\",\"inLanguage\":\"de\",\"@id\":\"https:\\\/\\\/kugelblitz-fotobox.de\\\/#\\\/schema\\\/logo\\\/image\\\/\",\"url\":\"https:\\\/\\\/kugelblitz-fotobox.de\\\/wp-content\\\/uploads\\\/2018\\\/10\\\/Kugelblitz_Logo.png\",\"contentUrl\":\"https:\\\/\\\/kugelblitz-fotobox.de\\\/wp-content\\\/uploads\\\/2018\\\/10\\\/Kugelblitz_Logo.png\",\"width\":1643,\"height\":1715,\"caption\":\"KUGELBLITZ - die runde Fotobox\"},\"image\":{\"@id\":\"https:\\\/\\\/kugelblitz-fotobox.de\\\/#\\\/schema\\\/logo\\\/image\\\/\"},\"sameAs\":[\"https:\\\/\\\/web.facebook.com\\\/KugelblitzdierundeFotobox\\\/?_rdc=1&amp;amp;amp;amp;amp;amp;amp;amp;amp;amp;amp;amp;amp;amp;amp;amp;amp;amp;amp;_rdr\",\"https:\\\/\\\/www.instagram.com\\\/kugelblitz_die_runde_fotobox\\\/\",\"https:\\\/\\\/www.youtube.com\\\/channel\\\/UCLQwFVxu6_27hf1Z0lu4UEQ\\\/featured\"]}]}<\/script>\n<!-- \/ Yoast SEO plugin. -->","yoast_head_json":{"title":"Onlinegalerie - KUGELBLITZ - die runde Fotobox","description":"photobox fotobox selfibox fotospiegel photospiegel magicmirror fotobox im smatphone design photobooth booth drucker hintergrund leinwand back screenbleihen mieten dauer einsatz mehrt\u00e4gig wochenweise monatsweisebilder sofotdruck selfies video clips videoclips fotosevent geburtstag hochzeit ball gala er\u00f6ffnung neuer\u00f6ffnung pr\u00e4sentation release party feier kick off teamevent weihnachtsfeier firmenfeier jubil\u00e4um junggessellenabschied junggesellinenabschied pr\u00e4senation produktpr\u00e4sentation tag der offenen t\u00fcrkongress messe tagung seminar bankett hotel lobbythema mehrere themen accessoires koffer boothpops h\u00fcte masken per\u00fccken hochzeit geburtstag apres ski apres-ski reisen oktoberfest weihnachten weihnachtsfeier party hintergrund greenscreen leinwand spass spa\u00df erinnerung zusammen gruppenbilder teambuilding geschenk gastgeschenkfirmen company recruiting recruitingdays karrieremesse workshop teambuilding vorstellung pitch elevatorpitch weiterbildung weiterentwicklung rethorik skills skill level hr human ressources development mitarbeiterzufriedenheit marketing bewertung leadership teilen facebook twitter instagram email galerie online gallery blackforest-wedding crewdeutschland baden-w\u00fcrttemberg baden w\u00fcrttemberg iffezheim baden baden baden-baden rastatt b\u00fchl karlsruhe gaggenau malsch gernsbach wei\u00dfenbach geroldsau sinzheim offenburg achern steinmauern plittersdorf bietigheim \u00f6tigheim kartung pforzheim stuttgart ettlingen renchen h\u00fcglesheim s\u00f6llingen roeschwoog seltz","robots":{"index":"noindex","follow":"nofollow"},"og_locale":"de_DE","og_type":"article","og_title":"Onlinegalerie - KUGELBLITZ - die runde Fotobox","og_description":"photobox fotobox selfibox fotospiegel photospiegel magicmirror fotobox im smatphone design photobooth booth drucker hintergrund leinwand back screenbleihen mieten dauer einsatz mehrt\u00e4gig wochenweise monatsweisebilder sofotdruck selfies video clips videoclips fotosevent geburtstag hochzeit ball gala er\u00f6ffnung neuer\u00f6ffnung pr\u00e4sentation release party feier kick off teamevent weihnachtsfeier firmenfeier jubil\u00e4um junggessellenabschied junggesellinenabschied pr\u00e4senation produktpr\u00e4sentation tag der offenen t\u00fcrkongress messe tagung seminar bankett hotel lobbythema mehrere themen accessoires koffer boothpops h\u00fcte masken per\u00fccken hochzeit geburtstag apres ski apres-ski reisen oktoberfest weihnachten weihnachtsfeier party hintergrund greenscreen leinwand spass spa\u00df erinnerung zusammen gruppenbilder teambuilding geschenk gastgeschenkfirmen company recruiting recruitingdays karrieremesse workshop teambuilding vorstellung pitch elevatorpitch weiterbildung weiterentwicklung rethorik skills skill level hr human ressources development mitarbeiterzufriedenheit marketing bewertung leadership teilen facebook twitter instagram email galerie online gallery blackforest-wedding crewdeutschland baden-w\u00fcrttemberg baden w\u00fcrttemberg iffezheim baden baden baden-baden rastatt b\u00fchl karlsruhe gaggenau malsch gernsbach wei\u00dfenbach geroldsau sinzheim offenburg achern steinmauern plittersdorf bietigheim \u00f6tigheim kartung pforzheim stuttgart ettlingen renchen h\u00fcglesheim s\u00f6llingen roeschwoog seltz","og_url":"https:\/\/kugelblitz-fotobox.de\/?page_id=21","og_site_name":"KUGELBLITZ - die runde Fotobox","article_publisher":"https:\/\/web.facebook.com\/KugelblitzdierundeFotobox\/?_rdc=1&amp%3bamp%3bamp%3bamp%3bamp%3bamp%3bamp%3bamp%3bamp%3bamp%3bamp%3bamp%3bamp%3bamp%3bamp%3bamp%3bamp%3bamp%3bamp%3b_rdr","article_modified_time":"2018-11-19T19:45:01+00:00","twitter_card":"summary_large_image","schema":{"@context":"https:\/\/schema.org","@graph":[{"@type":"WebPage","@id":"https:\/\/kugelblitz-fotobox.de\/?page_id=21","url":"https:\/\/kugelblitz-fotobox.de\/?page_id=21","name":"Onlinegalerie - KUGELBLITZ - die runde Fotobox","isPartOf":{"@id":"https:\/\/kugelblitz-fotobox.de\/#website"},"datePublished":"2018-09-30T20:51:45+00:00","dateModified":"2018-11-19T19:45:01+00:00","description":"photobox fotobox selfibox fotospiegel photospiegel magicmirror fotobox im smatphone design photobooth booth drucker hintergrund leinwand back screenbleihen mieten dauer einsatz mehrt\u00e4gig wochenweise monatsweisebilder sofotdruck selfies video clips videoclips fotosevent geburtstag hochzeit ball gala er\u00f6ffnung neuer\u00f6ffnung pr\u00e4sentation release party feier kick off teamevent weihnachtsfeier firmenfeier jubil\u00e4um junggessellenabschied junggesellinenabschied pr\u00e4senation produktpr\u00e4sentation tag der offenen t\u00fcrkongress messe tagung seminar bankett hotel lobbythema mehrere themen accessoires koffer boothpops h\u00fcte masken per\u00fccken hochzeit geburtstag apres ski apres-ski reisen oktoberfest weihnachten weihnachtsfeier party hintergrund greenscreen leinwand spass spa\u00df erinnerung zusammen gruppenbilder teambuilding geschenk gastgeschenkfirmen company recruiting recruitingdays karrieremesse workshop teambuilding vorstellung pitch elevatorpitch weiterbildung weiterentwicklung rethorik skills skill level hr human ressources development mitarbeiterzufriedenheit marketing bewertung leadership teilen facebook twitter instagram email galerie online gallery blackforest-wedding crewdeutschland baden-w\u00fcrttemberg baden w\u00fcrttemberg iffezheim baden baden baden-baden rastatt b\u00fchl karlsruhe gaggenau malsch gernsbach wei\u00dfenbach geroldsau sinzheim offenburg achern steinmauern plittersdorf bietigheim \u00f6tigheim kartung pforzheim stuttgart ettlingen renchen h\u00fcglesheim s\u00f6llingen roeschwoog seltz","breadcrumb":{"@id":"https:\/\/kugelblitz-fotobox.de\/?page_id=21#breadcrumb"},"inLanguage":"de","potentialAction":[{"@type":"ReadAction","target":["https:\/\/kugelblitz-fotobox.de\/?page_id=21"]}]},{"@type":"BreadcrumbList","@id":"https:\/\/kugelblitz-fotobox.de\/?page_id=21#breadcrumb","itemListElement":[{"@type":"ListItem","position":1,"name":"Startseite","item":"https:\/\/kugelblitz-fotobox.de\/"},{"@type":"ListItem","position":2,"name":"Home","item":"https:\/\/kugelblitz-fotobox.de\/"},{"@type":"ListItem","position":3,"name":"Onlinegalerie"}]},{"@type":"WebSite","@id":"https:\/\/kugelblitz-fotobox.de\/#website","url":"https:\/\/kugelblitz-fotobox.de\/","name":"KUGELBLITZ - die runde Fotobox","description":"Wir verleihen unsere Fotobox und unseren Fotospiegel im Raum Baden-Baden, Rastatt, Iffezheim, Gaggenau und Karlsruhe f\u00fcr Ihre Veranstaltung, Hochzeit , Geburtstag , Messe , Gala, Ihren Kongress, Ball und Ihr Seminar, Teambuilding und Jubil\u00e4um","publisher":{"@id":"https:\/\/kugelblitz-fotobox.de\/#organization"},"potentialAction":[{"@type":"SearchAction","target":{"@type":"EntryPoint","urlTemplate":"https:\/\/kugelblitz-fotobox.de\/?s={search_term_string}"},"query-input":{"@type":"PropertyValueSpecification","valueRequired":true,"valueName":"search_term_string"}}],"inLanguage":"de"},{"@type":"Organization","@id":"https:\/\/kugelblitz-fotobox.de\/#organization","name":"KUGELBLITZ - die runde Fotobox","url":"https:\/\/kugelblitz-fotobox.de\/","logo":{"@type":"ImageObject","inLanguage":"de","@id":"https:\/\/kugelblitz-fotobox.de\/#\/schema\/logo\/image\/","url":"https:\/\/kugelblitz-fotobox.de\/wp-content\/uploads\/2018\/10\/Kugelblitz_Logo.png","contentUrl":"https:\/\/kugelblitz-fotobox.de\/wp-content\/uploads\/2018\/10\/Kugelblitz_Logo.png","width":1643,"height":1715,"caption":"KUGELBLITZ - die runde Fotobox"},"image":{"@id":"https:\/\/kugelblitz-fotobox.de\/#\/schema\/logo\/image\/"},"sameAs":["https:\/\/web.facebook.com\/KugelblitzdierundeFotobox\/?_rdc=1&amp;amp;amp;amp;amp;amp;amp;amp;amp;amp;amp;amp;amp;amp;amp;amp;amp;amp;amp;_rdr","https:\/\/www.instagram.com\/kugelblitz_die_runde_fotobox\/","https:\/\/www.youtube.com\/channel\/UCLQwFVxu6_27hf1Z0lu4UEQ\/featured"]}]}},"jetpack_sharing_enabled":true,"_links":{"self":[{"href":"https:\/\/kugelblitz-fotobox.de\/index.php?rest_route=\/wp\/v2\/pages\/21","targetHints":{"allow":["GET"]}}],"collection":[{"href":"https:\/\/kugelblitz-fotobox.de\/index.php?rest_route=\/wp\/v2\/pages"}],"about":[{"href":"https:\/\/kugelblitz-fotobox.de\/index.php?rest_route=\/wp\/v2\/types\/page"}],"author":[{"embeddable":true,"href":"https:\/\/kugelblitz-fotobox.de\/index.php?rest_route=\/wp\/v2\/users\/1"}],"replies":[{"embeddable":true,"href":"https:\/\/kugelblitz-fotobox.de\/index.php?rest_route=%2Fwp%2Fv2%2Fcomments&post=21"}],"version-history":[{"count":9,"href":"https:\/\/kugelblitz-fotobox.de\/index.php?rest_route=\/wp\/v2\/pages\/21\/revisions"}],"predecessor-version":[{"id":390,"href":"https:\/\/kugelblitz-fotobox.de\/index.php?rest_route=\/wp\/v2\/pages\/21\/revisions\/390"}],"up":[{"embeddable":true,"href":"https:\/\/kugelblitz-fotobox.de\/index.php?rest_route=\/wp\/v2\/pages\/183"}],"wp:attachment":[{"href":"https:\/\/kugelblitz-fotobox.de\/index.php?rest_route=%2Fwp%2Fv2%2Fmedia&parent=21"}],"curies":[{"name":"wp","href":"https:\/\/api.w.org\/{rel}","templated":true}]}}